{"id":176,"date":"2025-01-23T22:31:32","date_gmt":"2025-01-23T22:31:32","guid":{"rendered":"https:\/\/svj.imperial-building.cz\/?page_id=176"},"modified":"2025-01-23T22:33:11","modified_gmt":"2025-01-23T22:33:11","slug":"rekonstrukce-strech-balkonu-a-lodzii","status":"publish","type":"page","link":"https:\/\/svj.imperial-building.cz\/?page_id=176","title":{"rendered":"Rekonstrukce st\u0159ech, balkon\u016f a lod\u017ei\u00ed"},"content":{"rendered":"\t\t<div data-elementor-type=\"wp-page\" data-elementor-id=\"176\" class=\"elementor elementor-176\">\n\t\t\t\t<div class=\"elementor-element elementor-element-14213bc1 e-flex e-con-boxed e-con e-parent\" data-id=\"14213bc1\" data-element_type=\"container\" data-settings=\"{&quot;background_background&quot;:&quot;classic&quot;}\">\n\t\t\t\t\t<div class=\"e-con-inner\">\n\t\t<div class=\"elementor-element elementor-element-328a699 e-con-full e-flex e-con e-child\" data-id=\"328a699\" data-element_type=\"container\">\n\t\t\t\t<div class=\"elementor-element elementor-element-4eab0661 elementor-widget elementor-widget-heading\" data-id=\"4eab0661\" data-element_type=\"widget\" data-widget_type=\"heading.default\">\n\t\t\t\t<div class=\"elementor-widget-container\">\n\t\t\t\t\t<h1 class=\"elementor-heading-title elementor-size-default\">Rekonstrukce st\u0159ech a balkon\u016f<\/h1>\t\t\t\t<\/div>\n\t\t\t\t<\/div>\n\t\t\t\t<div class=\"elementor-element elementor-element-4cb0f4ad elementor-widget-divider--view-line elementor-widget elementor-widget-divider\" data-id=\"4cb0f4ad\" data-element_type=\"widget\" data-widget_type=\"divider.default\">\n\t\t\t\t<div class=\"elementor-widget-container\">\n\t\t\t\t\t\t\t<div class=\"elementor-divider\">\n\t\t\t<span class=\"elementor-divider-separator\">\n\t\t\t\t\t\t<\/span>\n\t\t<\/div>\n\t\t\t\t\t\t<\/div>\n\t\t\t\t<\/div>\n\t\t\t\t<\/div>\n\t\t\t\t\t<\/div>\n\t\t\t\t<\/div>\n\t\t<div class=\"elementor-element elementor-element-29cd0c9 e-flex e-con-boxed e-con e-parent\" data-id=\"29cd0c9\" data-element_type=\"container\">\n\t\t\t\t\t<div class=\"e-con-inner\">\n\t\t<div class=\"elementor-element elementor-element-ced9ba7 e-con-full e-flex e-con e-child\" data-id=\"ced9ba7\" data-element_type=\"container\">\n\t\t<div class=\"elementor-element elementor-element-aa0b2b0 e-con-full e-flex elementor-invisible e-con e-child\" data-id=\"aa0b2b0\" data-element_type=\"container\" data-settings=\"{&quot;animation&quot;:&quot;fadeInRight&quot;}\">\n\t\t\t\t<div class=\"elementor-element elementor-element-fa9560b elementor-widget elementor-widget-text-editor\" data-id=\"fa9560b\" data-element_type=\"widget\" data-widget_type=\"text-editor.default\">\n\t\t\t\t<div class=\"elementor-widget-container\">\n\t\t\t\t\t\t\t\t\t<p><strong>Prodlu\u017eujeme \u017eivotnost va\u0161eho domu a zaji\u0161\u0165ujeme bezpe\u010dnost<\/strong><br \/>St\u0159echa, balkony a lod\u017eie jsou jedny z nejv\u00edce exponovan\u00fdch \u010d\u00e1st\u00ed domu. Jejich rekonstrukce je z\u00e1sadn\u00ed pro ochranu cel\u00e9ho objektu p\u0159ed pov\u011btrnostn\u00edmi vlivy, zlep\u0161en\u00ed bezpe\u010dnosti a zv\u00fd\u0161en\u00ed estetiky.<\/p><p><strong>Co pro v\u00e1s zajist\u00edme?<\/strong><\/p><p>&#8211; Kompletn\u00ed v\u00fdm\u011bnu nebo opravu st\u0159echy<\/p><p>&#8211; Rekonstrukci balkonov\u00fdch a lod\u017eiov\u00fdch konstrukc\u00ed<\/p><p>&#8211; Instalaci nov\u00fdch z\u00e1bradl\u00ed a podlahov\u00fdch krytin<\/p><p><br \/><strong>Pro\u010d si vybrat n\u00e1s?<\/strong><\/p><p>&#8211; Profesion\u00e1ln\u00ed technick\u00e9 \u0159e\u0161en\u00ed<\/p><p>&#8211; Kvalitn\u00ed materi\u00e1ly s dlouhou \u017eivotnost\u00ed<\/p><p>&#8211; D\u016fraz na estetiku a funk\u010dnost<\/p>\t\t\t\t\t\t\t\t<\/div>\n\t\t\t\t<\/div>\n\t\t\t\t<div class=\"elementor-element elementor-element-f485502 elementor-widget-divider--view-line elementor-widget elementor-widget-divider\" data-id=\"f485502\" data-element_type=\"widget\" data-widget_type=\"divider.default\">\n\t\t\t\t<div class=\"elementor-widget-container\">\n\t\t\t\t\t\t\t<div class=\"elementor-divider\">\n\t\t\t<span class=\"elementor-divider-separator\">\n\t\t\t\t\t\t<\/span>\n\t\t<\/div>\n\t\t\t\t\t\t<\/div>\n\t\t\t\t<\/div>\n\t\t\t\t<div class=\"elementor-element elementor-element-d2dcd28 elementor-mobile-align-center elementor-widget elementor-widget-button\" data-id=\"d2dcd28\" data-element_type=\"widget\" data-widget_type=\"button.default\">\n\t\t\t\t<div class=\"elementor-widget-container\">\n\t\t\t\t\t\t\t\t\t<div class=\"elementor-button-wrapper\">\n\t\t\t\t\t<a class=\"elementor-button elementor-button-link elementor-size-sm\" href=\"https:\/\/svj.imperial-building.cz\/kontakt\">\n\t\t\t\t\t\t<span class=\"elementor-button-content-wrapper\">\n\t\t\t\t\t\t<span class=\"elementor-button-icon\">\n\t\t\t\t<i aria-hidden=\"true\" class=\"rtmicon rtmicon-arrow-up-right\"><\/i>\t\t\t<\/span>\n\t\t\t\t\t\t\t\t\t<span class=\"elementor-button-text\">KONTAKT<\/span>\n\t\t\t\t\t<\/span>\n\t\t\t\t\t<\/a>\n\t\t\t\t<\/div>\n\t\t\t\t\t\t\t\t<\/div>\n\t\t\t\t<\/div>\n\t\t\t\t<\/div>\n\t\t<div class=\"elementor-element elementor-element-4857db5 e-con-full e-flex e-con e-child\" data-id=\"4857db5\" data-element_type=\"container\">\n\t\t<div class=\"elementor-element elementor-element-23ccac5 e-con-full e-flex e-con e-child\" data-id=\"23ccac5\" data-element_type=\"container\">\n\t\t<div class=\"elementor-element elementor-element-4b23c8d e-con-full e-flex e-con e-child\" data-id=\"4b23c8d\" data-element_type=\"container\">\n\t\t\t\t<div class=\"elementor-element elementor-element-3a26702 elementor-widget elementor-widget-image\" data-id=\"3a26702\" data-element_type=\"widget\" data-widget_type=\"image.default\">\n\t\t\t\t<div class=\"elementor-widget-container\">\n\t\t\t\t\t\t\t\t\t\t\t\t\t\t\t\t<a href=\"https:\/\/svj.imperial-building.cz\/wp-content\/uploads\/2025\/01\/WhatsApp-Image-2025-01-22-at-21.25.28-1.jpeg\" data-elementor-open-lightbox=\"yes\" data-elementor-lightbox-title=\"WhatsApp Image 2025-01-22 at 21.25.28 (1)\" data-e-action-hash=\"#elementor-action%3Aaction%3Dlightbox%26settings%3DeyJpZCI6NjgsInVybCI6Imh0dHBzOlwvXC9zdmouaW1wZXJpYWwtYnVpbGRpbmcuY3pcL3dwLWNvbnRlbnRcL3VwbG9hZHNcLzIwMjVcLzAxXC9XaGF0c0FwcC1JbWFnZS0yMDI1LTAxLTIyLWF0LTIxLjI1LjI4LTEuanBlZyJ9\">\n\t\t\t\t\t\t\t<img fetchpriority=\"high\" decoding=\"async\" width=\"1200\" height=\"1600\" src=\"https:\/\/svj.imperial-building.cz\/wp-content\/uploads\/2025\/01\/WhatsApp-Image-2025-01-22-at-21.25.28-1.jpeg\" class=\"attachment-full size-full wp-image-68\" alt=\"\" srcset=\"https:\/\/svj.imperial-building.cz\/wp-content\/uploads\/2025\/01\/WhatsApp-Image-2025-01-22-at-21.25.28-1.jpeg 1200w, https:\/\/svj.imperial-building.cz\/wp-content\/uploads\/2025\/01\/WhatsApp-Image-2025-01-22-at-21.25.28-1-225x300.jpeg 225w, https:\/\/svj.imperial-building.cz\/wp-content\/uploads\/2025\/01\/WhatsApp-Image-2025-01-22-at-21.25.28-1-768x1024.jpeg 768w, https:\/\/svj.imperial-building.cz\/wp-content\/uploads\/2025\/01\/WhatsApp-Image-2025-01-22-at-21.25.28-1-1152x1536.jpeg 1152w\" sizes=\"(max-width: 1200px) 100vw, 1200px\" \/>\t\t\t\t\t\t\t\t<\/a>\n\t\t\t\t\t\t\t\t\t\t\t\t\t\t\t<\/div>\n\t\t\t\t<\/div>\n\t\t\t\t<\/div>\n\t\t<div class=\"elementor-element elementor-element-8424cd2 e-con-full e-flex e-con e-child\" data-id=\"8424cd2\" data-element_type=\"container\">\n\t\t\t\t<div class=\"elementor-element elementor-element-3bbf986 elementor-widget elementor-widget-image\" data-id=\"3bbf986\" data-element_type=\"widget\" data-widget_type=\"image.default\">\n\t\t\t\t<div class=\"elementor-widget-container\">\n\t\t\t\t\t\t\t\t\t\t\t\t\t\t\t\t<a href=\"https:\/\/svj.imperial-building.cz\/wp-content\/uploads\/2025\/01\/WhatsApp-Image-2025-01-22-at-21.25.28.jpeg\" data-elementor-open-lightbox=\"yes\" data-elementor-lightbox-title=\"WhatsApp Image 2025-01-22 at 21.25.28\" data-e-action-hash=\"#elementor-action%3Aaction%3Dlightbox%26settings%3DeyJpZCI6NjksInVybCI6Imh0dHBzOlwvXC9zdmouaW1wZXJpYWwtYnVpbGRpbmcuY3pcL3dwLWNvbnRlbnRcL3VwbG9hZHNcLzIwMjVcLzAxXC9XaGF0c0FwcC1JbWFnZS0yMDI1LTAxLTIyLWF0LTIxLjI1LjI4LmpwZWcifQ%3D%3D\">\n\t\t\t\t\t\t\t<img decoding=\"async\" width=\"1200\" height=\"1600\" src=\"https:\/\/svj.imperial-building.cz\/wp-content\/uploads\/2025\/01\/WhatsApp-Image-2025-01-22-at-21.25.28.jpeg\" class=\"attachment-full size-full wp-image-69\" alt=\"\" srcset=\"https:\/\/svj.imperial-building.cz\/wp-content\/uploads\/2025\/01\/WhatsApp-Image-2025-01-22-at-21.25.28.jpeg 1200w, https:\/\/svj.imperial-building.cz\/wp-content\/uploads\/2025\/01\/WhatsApp-Image-2025-01-22-at-21.25.28-225x300.jpeg 225w, https:\/\/svj.imperial-building.cz\/wp-content\/uploads\/2025\/01\/WhatsApp-Image-2025-01-22-at-21.25.28-768x1024.jpeg 768w, https:\/\/svj.imperial-building.cz\/wp-content\/uploads\/2025\/01\/WhatsApp-Image-2025-01-22-at-21.25.28-1152x1536.jpeg 1152w\" sizes=\"(max-width: 1200px) 100vw, 1200px\" \/>\t\t\t\t\t\t\t\t<\/a>\n\t\t\t\t\t\t\t\t\t\t\t\t\t\t\t<\/div>\n\t\t\t\t<\/div>\n\t\t\t\t<\/div>\n\t\t\t\t<\/div>\n\t\t\t\t<div class=\"elementor-element elementor-element-4ce52f4 elementor-widget elementor-widget-image-box\" data-id=\"4ce52f4\" data-element_type=\"widget\" data-widget_type=\"image-box.default\">\n\t\t\t\t<div class=\"elementor-widget-container\">\n\t\t\t\t\t<div class=\"elementor-image-box-wrapper\"><div class=\"elementor-image-box-content\"><h5 class=\"elementor-image-box-title\">Na\u0161e pr\u00e1ce je postaven\u00e1 na kvalit\u011b, transparentnosti a individu\u00e1ln\u00edm p\u0159\u00edstupu.<\/h5><\/div><\/div>\t\t\t\t<\/div>\n\t\t\t\t<\/div>\n\t\t\t\t<\/div>\n\t\t\t\t<\/div>\n\t\t\t\t\t<\/div>\n\t\t\t\t<\/div>\n\t\t<div class=\"elementor-element elementor-element-e2af2bd e-flex e-con-boxed e-con e-parent\" data-id=\"e2af2bd\" data-element_type=\"container\">\n\t\t\t\t\t<div class=\"e-con-inner\">\n\t\t<div class=\"elementor-element elementor-element-9bf867b e-con-full e-flex e-con e-child\" data-id=\"9bf867b\" data-element_type=\"container\" data-settings=\"{&quot;background_background&quot;:&quot;classic&quot;}\">\n\t\t\t\t<div class=\"elementor-element elementor-element-2fd35b8 elementor-widget__width-initial elementor-invisible elementor-widget elementor-widget-heading\" data-id=\"2fd35b8\" data-element_type=\"widget\" data-settings=\"{&quot;_animation&quot;:&quot;fadeInDown&quot;}\" data-widget_type=\"heading.default\">\n\t\t\t\t<div class=\"elementor-widget-container\">\n\t\t\t\t\t<h2 class=\"elementor-heading-title elementor-size-default\">NEZ\u00c1VAZN\u00c1 KALKULACE ZDARMA<\/h2>\t\t\t\t<\/div>\n\t\t\t\t<\/div>\n\t\t\t\t<div class=\"elementor-element elementor-element-5994d5a elementor-align-center elementor-widget elementor-widget-button\" data-id=\"5994d5a\" data-element_type=\"widget\" data-widget_type=\"button.default\">\n\t\t\t\t<div class=\"elementor-widget-container\">\n\t\t\t\t\t\t\t\t\t<div class=\"elementor-button-wrapper\">\n\t\t\t\t\t<a class=\"elementor-button elementor-button-link elementor-size-sm\" href=\"https:\/\/svj.imperial-building.cz\/kontakt\/\">\n\t\t\t\t\t\t<span class=\"elementor-button-content-wrapper\">\n\t\t\t\t\t\t<span class=\"elementor-button-icon\">\n\t\t\t\t<i aria-hidden=\"true\" class=\"rtmicon rtmicon-arrow-up-right\"><\/i>\t\t\t<\/span>\n\t\t\t\t\t\t\t\t\t<span class=\"elementor-button-text\">POPT\u00c1VKA<\/span>\n\t\t\t\t\t<\/span>\n\t\t\t\t\t<\/a>\n\t\t\t\t<\/div>\n\t\t\t\t\t\t\t\t<\/div>\n\t\t\t\t<\/div>\n\t\t\t\t<\/div>\n\t\t\t\t\t<\/div>\n\t\t\t\t<\/div>\n\t\t\t\t<\/div>\n\t\t","protected":false},"excerpt":{"rendered":"<p>Rekonstrukce st\u0159ech a balkon\u016f Prodlu\u017eujeme \u017eivotnost va\u0161eho domu a zaji\u0161\u0165ujeme bezpe\u010dnostSt\u0159echa, balkony a lod\u017eie jsou jedny z nejv\u00edce exponovan\u00fdch \u010d\u00e1st\u00ed domu. Jejich rekonstrukce je z\u00e1sadn\u00ed pro ochranu cel\u00e9ho objektu p\u0159ed pov\u011btrnostn\u00edmi vlivy, zlep\u0161en\u00ed bezpe\u010dnosti a zv\u00fd\u0161en\u00ed estetiky. Co pro v\u00e1s zajist\u00edme? &#8211; Kompletn\u00ed v\u00fdm\u011bnu nebo opravu st\u0159echy &#8211; Rekonstrukci balkonov\u00fdch a lod\u017eiov\u00fdch konstrukc\u00ed &#8211; Instalaci [&hellip;]<\/p>\n","protected":false},"author":1,"featured_media":0,"parent":0,"menu_order":0,"comment_status":"closed","ping_status":"closed","template":"elementor_header_footer","meta":{"footnotes":""},"class_list":["post-176","page","type-page","status-publish","hentry"],"_links":{"self":[{"href":"https:\/\/svj.imperial-building.cz\/index.php?rest_route=\/wp\/v2\/pages\/176","targetHints":{"allow":["GET"]}}],"collection":[{"href":"https:\/\/svj.imperial-building.cz\/index.php?rest_route=\/wp\/v2\/pages"}],"about":[{"href":"https:\/\/svj.imperial-building.cz\/index.php?rest_route=\/wp\/v2\/types\/page"}],"author":[{"embeddable":true,"href":"https:\/\/svj.imperial-building.cz\/index.php?rest_route=\/wp\/v2\/users\/1"}],"replies":[{"embeddable":true,"href":"https:\/\/svj.imperial-building.cz\/index.php?rest_route=%2Fwp%2Fv2%2Fcomments&post=176"}],"version-history":[{"count":4,"href":"https:\/\/svj.imperial-building.cz\/index.php?rest_route=\/wp\/v2\/pages\/176\/revisions"}],"predecessor-version":[{"id":180,"href":"https:\/\/svj.imperial-building.cz\/index.php?rest_route=\/wp\/v2\/pages\/176\/revisions\/180"}],"wp:attachment":[{"href":"https:\/\/svj.imperial-building.cz\/index.php?rest_route=%2Fwp%2Fv2%2Fmedia&parent=176"}],"curies":[{"name":"wp","href":"https:\/\/api.w.org\/{rel}","templated":true}]}}