{"id":199,"date":"2025-01-23T22:38:46","date_gmt":"2025-01-23T22:38:46","guid":{"rendered":"https:\/\/svj.imperial-building.cz\/?page_id=199"},"modified":"2025-01-23T22:39:56","modified_gmt":"2025-01-23T22:39:56","slug":"fasady","status":"publish","type":"page","link":"https:\/\/svj.imperial-building.cz\/?page_id=199","title":{"rendered":"Fas\u00e1dy"},"content":{"rendered":"\t\t<div data-elementor-type=\"wp-page\" data-elementor-id=\"199\" class=\"elementor elementor-199\">\n\t\t\t\t<div class=\"elementor-element elementor-element-14213bc1 e-flex e-con-boxed e-con e-parent\" data-id=\"14213bc1\" data-element_type=\"container\" data-settings=\"{&quot;background_background&quot;:&quot;classic&quot;}\">\n\t\t\t\t\t<div class=\"e-con-inner\">\n\t\t<div class=\"elementor-element elementor-element-328a699 e-con-full e-flex e-con e-child\" data-id=\"328a699\" data-element_type=\"container\">\n\t\t\t\t<div class=\"elementor-element elementor-element-4eab0661 elementor-widget elementor-widget-heading\" data-id=\"4eab0661\" data-element_type=\"widget\" data-widget_type=\"heading.default\">\n\t\t\t\t<div class=\"elementor-widget-container\">\n\t\t\t\t\t<h1 class=\"elementor-heading-title elementor-size-default\">Fas\u00e1dy<\/h1>\t\t\t\t<\/div>\n\t\t\t\t<\/div>\n\t\t\t\t<div class=\"elementor-element elementor-element-4cb0f4ad elementor-widget-divider--view-line elementor-widget elementor-widget-divider\" data-id=\"4cb0f4ad\" data-element_type=\"widget\" data-widget_type=\"divider.default\">\n\t\t\t\t<div class=\"elementor-widget-container\">\n\t\t\t\t\t\t\t<div class=\"elementor-divider\">\n\t\t\t<span class=\"elementor-divider-separator\">\n\t\t\t\t\t\t<\/span>\n\t\t<\/div>\n\t\t\t\t\t\t<\/div>\n\t\t\t\t<\/div>\n\t\t\t\t<\/div>\n\t\t\t\t\t<\/div>\n\t\t\t\t<\/div>\n\t\t<div class=\"elementor-element elementor-element-29cd0c9 e-flex e-con-boxed e-con e-parent\" data-id=\"29cd0c9\" data-element_type=\"container\">\n\t\t\t\t\t<div class=\"e-con-inner\">\n\t\t<div class=\"elementor-element elementor-element-ced9ba7 e-con-full e-flex e-con e-child\" data-id=\"ced9ba7\" data-element_type=\"container\">\n\t\t<div class=\"elementor-element elementor-element-aa0b2b0 e-con-full e-flex elementor-invisible e-con e-child\" data-id=\"aa0b2b0\" data-element_type=\"container\" data-settings=\"{&quot;animation&quot;:&quot;fadeInRight&quot;}\">\n\t\t\t\t<div class=\"elementor-element elementor-element-fa9560b elementor-widget elementor-widget-text-editor\" data-id=\"fa9560b\" data-element_type=\"widget\" data-widget_type=\"text-editor.default\">\n\t\t\t\t<div class=\"elementor-widget-container\">\n\t\t\t\t\t\t\t\t\t<p><strong>Obnovte vzhled a funk\u010dnost fas\u00e1dy va\u0161eho domu<\/strong><br \/>Fas\u00e1da je prvn\u00ed v\u011bc, kterou si lid\u00e9 v\u0161imnou p\u0159i pohledu na v\u00e1\u0161 d\u016fm. Je to nejen estetick\u00fd prvek, ale i ochrana p\u0159ed pov\u011btrnostn\u00edmi vlivy. Revitalizace fas\u00e1dy v\u00fdrazn\u011b zvy\u0161uje hodnotu nemovitosti, zlep\u0161uje jej\u00ed energetickou efektivitu a prodlu\u017euje \u017eivotnost cel\u00e9ho objektu.<\/p><p><br \/><strong>Co nab\u00edz\u00edme?<\/strong><\/p><p><strong>&#8211; Kompletn\u00ed rekonstrukce fas\u00e1d<\/strong> \u2013 Opravy star\u0161\u00edch fas\u00e1d a v\u00fdm\u011bna po\u0161kozen\u00fdch \u010d\u00e1st\u00ed.<\/p><p><strong>&#8211; Zateplen\u00ed fas\u00e1d<\/strong> \u2013 V\u00fdznamn\u00e9 sn\u00ed\u017een\u00ed tepeln\u00fdch ztr\u00e1t a \u00faspora energi\u00ed.<\/p><p><strong>&#8211; N\u00e1t\u011bry a \u00fapravy<\/strong> \u2013 Ochrann\u00e9 a dekorativn\u00ed n\u00e1t\u011bry, kter\u00e9 zlep\u0161\u00ed vzhled a prodlou\u017e\u00ed \u017eivotnost fas\u00e1dy.<\/p><p><strong>&#8211; Sanace vlhkosti<\/strong> \u2013 Opravy fas\u00e1d po\u0161kozen\u00fdch vlhkost\u00ed nebo pl\u00edsn\u011bmi.<\/p><p><strong>&#8211; Kreativn\u00ed n\u00e1vrhy fas\u00e1d<\/strong> \u2013 Vytvo\u0159\u00edme modern\u00ed a atraktivn\u00ed vzhled, kter\u00fd oslov\u00ed okol\u00ed i n\u00e1v\u0161t\u011bvn\u00edky.<\/p>\t\t\t\t\t\t\t\t<\/div>\n\t\t\t\t<\/div>\n\t\t\t\t<div class=\"elementor-element elementor-element-f485502 elementor-widget-divider--view-line elementor-widget elementor-widget-divider\" data-id=\"f485502\" data-element_type=\"widget\" data-widget_type=\"divider.default\">\n\t\t\t\t<div class=\"elementor-widget-container\">\n\t\t\t\t\t\t\t<div class=\"elementor-divider\">\n\t\t\t<span class=\"elementor-divider-separator\">\n\t\t\t\t\t\t<\/span>\n\t\t<\/div>\n\t\t\t\t\t\t<\/div>\n\t\t\t\t<\/div>\n\t\t\t\t<div class=\"elementor-element elementor-element-d2dcd28 elementor-mobile-align-center elementor-widget elementor-widget-button\" data-id=\"d2dcd28\" data-element_type=\"widget\" data-widget_type=\"button.default\">\n\t\t\t\t<div class=\"elementor-widget-container\">\n\t\t\t\t\t\t\t\t\t<div class=\"elementor-button-wrapper\">\n\t\t\t\t\t<a class=\"elementor-button elementor-button-link elementor-size-sm\" href=\"https:\/\/svj.imperial-building.cz\/kontakt\">\n\t\t\t\t\t\t<span class=\"elementor-button-content-wrapper\">\n\t\t\t\t\t\t<span class=\"elementor-button-icon\">\n\t\t\t\t<i aria-hidden=\"true\" class=\"rtmicon rtmicon-arrow-up-right\"><\/i>\t\t\t<\/span>\n\t\t\t\t\t\t\t\t\t<span class=\"elementor-button-text\">KONTAKT<\/span>\n\t\t\t\t\t<\/span>\n\t\t\t\t\t<\/a>\n\t\t\t\t<\/div>\n\t\t\t\t\t\t\t\t<\/div>\n\t\t\t\t<\/div>\n\t\t\t\t<\/div>\n\t\t<div class=\"elementor-element elementor-element-4857db5 e-con-full e-flex e-con e-child\" data-id=\"4857db5\" data-element_type=\"container\">\n\t\t<div class=\"elementor-element elementor-element-23ccac5 e-con-full e-flex e-con e-child\" data-id=\"23ccac5\" data-element_type=\"container\">\n\t\t<div class=\"elementor-element elementor-element-4b23c8d e-con-full e-flex e-con e-child\" data-id=\"4b23c8d\" data-element_type=\"container\">\n\t\t\t\t<div class=\"elementor-element elementor-element-3a26702 elementor-widget elementor-widget-image\" data-id=\"3a26702\" data-element_type=\"widget\" data-widget_type=\"image.default\">\n\t\t\t\t<div class=\"elementor-widget-container\">\n\t\t\t\t\t\t\t\t\t\t\t\t\t\t\t\t<a href=\"https:\/\/svj.imperial-building.cz\/wp-content\/uploads\/2025\/01\/WhatsApp-Image-2025-01-22-at-21.25.28-1.jpeg\" data-elementor-open-lightbox=\"yes\" data-elementor-lightbox-title=\"WhatsApp Image 2025-01-22 at 21.25.28 (1)\" data-e-action-hash=\"#elementor-action%3Aaction%3Dlightbox%26settings%3DeyJpZCI6NjgsInVybCI6Imh0dHBzOlwvXC9zdmouaW1wZXJpYWwtYnVpbGRpbmcuY3pcL3dwLWNvbnRlbnRcL3VwbG9hZHNcLzIwMjVcLzAxXC9XaGF0c0FwcC1JbWFnZS0yMDI1LTAxLTIyLWF0LTIxLjI1LjI4LTEuanBlZyJ9\">\n\t\t\t\t\t\t\t<img fetchpriority=\"high\" decoding=\"async\" width=\"1200\" height=\"1600\" src=\"https:\/\/svj.imperial-building.cz\/wp-content\/uploads\/2025\/01\/WhatsApp-Image-2025-01-22-at-21.25.28-1.jpeg\" class=\"attachment-full size-full wp-image-68\" alt=\"\" srcset=\"https:\/\/svj.imperial-building.cz\/wp-content\/uploads\/2025\/01\/WhatsApp-Image-2025-01-22-at-21.25.28-1.jpeg 1200w, https:\/\/svj.imperial-building.cz\/wp-content\/uploads\/2025\/01\/WhatsApp-Image-2025-01-22-at-21.25.28-1-225x300.jpeg 225w, https:\/\/svj.imperial-building.cz\/wp-content\/uploads\/2025\/01\/WhatsApp-Image-2025-01-22-at-21.25.28-1-768x1024.jpeg 768w, https:\/\/svj.imperial-building.cz\/wp-content\/uploads\/2025\/01\/WhatsApp-Image-2025-01-22-at-21.25.28-1-1152x1536.jpeg 1152w\" sizes=\"(max-width: 1200px) 100vw, 1200px\" \/>\t\t\t\t\t\t\t\t<\/a>\n\t\t\t\t\t\t\t\t\t\t\t\t\t\t\t<\/div>\n\t\t\t\t<\/div>\n\t\t\t\t<\/div>\n\t\t<div class=\"elementor-element elementor-element-8424cd2 e-con-full e-flex e-con e-child\" data-id=\"8424cd2\" data-element_type=\"container\">\n\t\t\t\t<div class=\"elementor-element elementor-element-3bbf986 elementor-widget elementor-widget-image\" data-id=\"3bbf986\" data-element_type=\"widget\" data-widget_type=\"image.default\">\n\t\t\t\t<div class=\"elementor-widget-container\">\n\t\t\t\t\t\t\t\t\t\t\t\t\t\t\t\t<a href=\"https:\/\/svj.imperial-building.cz\/wp-content\/uploads\/2025\/01\/WhatsApp-Image-2025-01-22-at-21.25.28.jpeg\" data-elementor-open-lightbox=\"yes\" data-elementor-lightbox-title=\"WhatsApp Image 2025-01-22 at 21.25.28\" data-e-action-hash=\"#elementor-action%3Aaction%3Dlightbox%26settings%3DeyJpZCI6NjksInVybCI6Imh0dHBzOlwvXC9zdmouaW1wZXJpYWwtYnVpbGRpbmcuY3pcL3dwLWNvbnRlbnRcL3VwbG9hZHNcLzIwMjVcLzAxXC9XaGF0c0FwcC1JbWFnZS0yMDI1LTAxLTIyLWF0LTIxLjI1LjI4LmpwZWcifQ%3D%3D\">\n\t\t\t\t\t\t\t<img decoding=\"async\" width=\"1200\" height=\"1600\" src=\"https:\/\/svj.imperial-building.cz\/wp-content\/uploads\/2025\/01\/WhatsApp-Image-2025-01-22-at-21.25.28.jpeg\" class=\"attachment-full size-full wp-image-69\" alt=\"\" srcset=\"https:\/\/svj.imperial-building.cz\/wp-content\/uploads\/2025\/01\/WhatsApp-Image-2025-01-22-at-21.25.28.jpeg 1200w, https:\/\/svj.imperial-building.cz\/wp-content\/uploads\/2025\/01\/WhatsApp-Image-2025-01-22-at-21.25.28-225x300.jpeg 225w, https:\/\/svj.imperial-building.cz\/wp-content\/uploads\/2025\/01\/WhatsApp-Image-2025-01-22-at-21.25.28-768x1024.jpeg 768w, https:\/\/svj.imperial-building.cz\/wp-content\/uploads\/2025\/01\/WhatsApp-Image-2025-01-22-at-21.25.28-1152x1536.jpeg 1152w\" sizes=\"(max-width: 1200px) 100vw, 1200px\" \/>\t\t\t\t\t\t\t\t<\/a>\n\t\t\t\t\t\t\t\t\t\t\t\t\t\t\t<\/div>\n\t\t\t\t<\/div>\n\t\t\t\t<\/div>\n\t\t\t\t<\/div>\n\t\t\t\t<div class=\"elementor-element elementor-element-4ce52f4 elementor-widget elementor-widget-image-box\" data-id=\"4ce52f4\" data-element_type=\"widget\" data-widget_type=\"image-box.default\">\n\t\t\t\t<div class=\"elementor-widget-container\">\n\t\t\t\t\t<div class=\"elementor-image-box-wrapper\"><div class=\"elementor-image-box-content\"><h5 class=\"elementor-image-box-title\">Na\u0161e pr\u00e1ce je postaven\u00e1 na kvalit\u011b, transparentnosti a individu\u00e1ln\u00edm p\u0159\u00edstupu.<\/h5><\/div><\/div>\t\t\t\t<\/div>\n\t\t\t\t<\/div>\n\t\t\t\t<\/div>\n\t\t\t\t<\/div>\n\t\t\t\t\t<\/div>\n\t\t\t\t<\/div>\n\t\t<div class=\"elementor-element elementor-element-e2af2bd e-flex e-con-boxed e-con e-parent\" data-id=\"e2af2bd\" data-element_type=\"container\">\n\t\t\t\t\t<div class=\"e-con-inner\">\n\t\t<div class=\"elementor-element elementor-element-9bf867b e-con-full e-flex e-con e-child\" data-id=\"9bf867b\" data-element_type=\"container\" data-settings=\"{&quot;background_background&quot;:&quot;classic&quot;}\">\n\t\t\t\t<div class=\"elementor-element elementor-element-2fd35b8 elementor-widget__width-initial elementor-invisible elementor-widget elementor-widget-heading\" data-id=\"2fd35b8\" data-element_type=\"widget\" data-settings=\"{&quot;_animation&quot;:&quot;fadeInDown&quot;}\" data-widget_type=\"heading.default\">\n\t\t\t\t<div class=\"elementor-widget-container\">\n\t\t\t\t\t<h2 class=\"elementor-heading-title elementor-size-default\">NEZ\u00c1VAZN\u00c1 KALKULACE ZDARMA<\/h2>\t\t\t\t<\/div>\n\t\t\t\t<\/div>\n\t\t\t\t<div class=\"elementor-element elementor-element-5994d5a elementor-align-center elementor-widget elementor-widget-button\" data-id=\"5994d5a\" data-element_type=\"widget\" data-widget_type=\"button.default\">\n\t\t\t\t<div class=\"elementor-widget-container\">\n\t\t\t\t\t\t\t\t\t<div class=\"elementor-button-wrapper\">\n\t\t\t\t\t<a class=\"elementor-button elementor-button-link elementor-size-sm\" href=\"https:\/\/svj.imperial-building.cz\/kontakt\/\">\n\t\t\t\t\t\t<span class=\"elementor-button-content-wrapper\">\n\t\t\t\t\t\t<span class=\"elementor-button-icon\">\n\t\t\t\t<i aria-hidden=\"true\" class=\"rtmicon rtmicon-arrow-up-right\"><\/i>\t\t\t<\/span>\n\t\t\t\t\t\t\t\t\t<span class=\"elementor-button-text\">POPT\u00c1VKA<\/span>\n\t\t\t\t\t<\/span>\n\t\t\t\t\t<\/a>\n\t\t\t\t<\/div>\n\t\t\t\t\t\t\t\t<\/div>\n\t\t\t\t<\/div>\n\t\t\t\t<\/div>\n\t\t\t\t\t<\/div>\n\t\t\t\t<\/div>\n\t\t\t\t<\/div>\n\t\t","protected":false},"excerpt":{"rendered":"<p>Fas\u00e1dy Obnovte vzhled a funk\u010dnost fas\u00e1dy va\u0161eho domuFas\u00e1da je prvn\u00ed v\u011bc, kterou si lid\u00e9 v\u0161imnou p\u0159i pohledu na v\u00e1\u0161 d\u016fm. Je to nejen estetick\u00fd prvek, ale i ochrana p\u0159ed pov\u011btrnostn\u00edmi vlivy. Revitalizace fas\u00e1dy v\u00fdrazn\u011b zvy\u0161uje hodnotu nemovitosti, zlep\u0161uje jej\u00ed energetickou efektivitu a prodlu\u017euje \u017eivotnost cel\u00e9ho objektu. Co nab\u00edz\u00edme? &#8211; Kompletn\u00ed rekonstrukce fas\u00e1d \u2013 Opravy star\u0161\u00edch [&hellip;]<\/p>\n","protected":false},"author":1,"featured_media":0,"parent":0,"menu_order":0,"comment_status":"closed","ping_status":"closed","template":"elementor_header_footer","meta":{"footnotes":""},"class_list":["post-199","page","type-page","status-publish","hentry"],"_links":{"self":[{"href":"https:\/\/svj.imperial-building.cz\/index.php?rest_route=\/wp\/v2\/pages\/199","targetHints":{"allow":["GET"]}}],"collection":[{"href":"https:\/\/svj.imperial-building.cz\/index.php?rest_route=\/wp\/v2\/pages"}],"about":[{"href":"https:\/\/svj.imperial-building.cz\/index.php?rest_route=\/wp\/v2\/types\/page"}],"author":[{"embeddable":true,"href":"https:\/\/svj.imperial-building.cz\/index.php?rest_route=\/wp\/v2\/users\/1"}],"replies":[{"embeddable":true,"href":"https:\/\/svj.imperial-building.cz\/index.php?rest_route=%2Fwp%2Fv2%2Fcomments&post=199"}],"version-history":[{"count":7,"href":"https:\/\/svj.imperial-building.cz\/index.php?rest_route=\/wp\/v2\/pages\/199\/revisions"}],"predecessor-version":[{"id":206,"href":"https:\/\/svj.imperial-building.cz\/index.php?rest_route=\/wp\/v2\/pages\/199\/revisions\/206"}],"wp:attachment":[{"href":"https:\/\/svj.imperial-building.cz\/index.php?rest_route=%2Fwp%2Fv2%2Fmedia&parent=199"}],"curies":[{"name":"wp","href":"https:\/\/api.w.org\/{rel}","templated":true}]}}